{"id":996,"date":"2022-03-10T10:24:02","date_gmt":"2022-03-10T08:24:02","guid":{"rendered":"https:\/\/www.skolicka-domecek.cz\/p5\/about-us\/reference\/"},"modified":"2022-05-10T12:03:55","modified_gmt":"2022-05-10T10:03:55","slug":"reference","status":"publish","type":"page","link":"https:\/\/www.skolicka-domecek.cz\/p5\/about-us\/reference\/?lang=en","title":{"rendered":"Reference"},"content":{"rendered":"\t\t<div data-elementor-type=\"wp-page\" data-elementor-id=\"996\" class=\"elementor elementor-996 elementor-334\" data-elementor-post-type=\"page\">\n\t\t\t\t\t\t<section data-particle_enable=\"false\" data-particle-mobile-disabled=\"false\" class=\"has_ae_slider elementor-section elementor-top-section elementor-element elementor-element-3b7bce7 elementor-section-full_width elementor-section-height-min-height elementor-section-height-default elementor-section-items-middle ae-bg-gallery-type-default\" data-id=\"3b7bce7\" data-element_type=\"section\" data-settings=\"{&quot;background_background&quot;:&quot;classic&quot;,&quot;shape_divider_bottom&quot;:&quot;wave-brush&quot;}\">\n\t\t\t\t\t\t\t<div class=\"elementor-background-overlay\"><\/div>\n\t\t\t\t\t\t<div class=\"elementor-shape elementor-shape-bottom\" data-negative=\"false\">\n\t\t\t<svg xmlns=\"http:\/\/www.w3.org\/2000\/svg\" viewBox=\"0 0 283.5 27.8\" preserveAspectRatio=\"none\">\n\t<path class=\"elementor-shape-fill\" d=\"M283.5,9.7c0,0-7.3,4.3-14,4.6c-6.8,0.3-12.6,0-20.9-1.5c-11.3-2-33.1-10.1-44.7-5.7\ts-12.1,4.6-18,7.4c-6.6,3.2-20,9.6-36.6,9.3C131.6,23.5,99.5,7.2,86.3,8c-1.4,0.1-6.6,0.8-10.5,2c-3.8,1.2-9.4,3.8-17,4.7\tc-3.2,0.4-8.3,1.1-14.2,0.9c-1.5-0.1-6.3-0.4-12-1.6c-5.7-1.2-11-3.1-15.8-3.7C6.5,9.2,0,10.8,0,10.8V0h283.5V9.7z M260.8,11.3\tc-0.7-1-2-0.4-4.3-0.4c-2.3,0-6.1-1.2-5.8-1.1c0.3,0.1,3.1,1.5,6,1.9C259.7,12.2,261.4,12.3,260.8,11.3z M242.4,8.6\tc0,0-2.4-0.2-5.6-0.9c-3.2-0.8-10.3-2.8-15.1-3.5c-8.2-1.1-15.8,0-15.1,0.1c0.8,0.1,9.6-0.6,17.6,1.1c3.3,0.7,9.3,2.2,12.4,2.7\tC239.9,8.7,242.4,8.6,242.4,8.6z M185.2,8.5c1.7-0.7-13.3,4.7-18.5,6.1c-2.1,0.6-6.2,1.6-10,2c-3.9,0.4-8.9,0.4-8.8,0.5\tc0,0.2,5.8,0.8,11.2,0c5.4-0.8,5.2-1.1,7.6-1.6C170.5,14.7,183.5,9.2,185.2,8.5z M199.1,6.9c0.2,0-0.8-0.4-4.8,1.1\tc-4,1.5-6.7,3.5-6.9,3.7c-0.2,0.1,3.5-1.8,6.6-3C197,7.5,199,6.9,199.1,6.9z M283,6c-0.1,0.1-1.9,1.1-4.8,2.5s-6.9,2.8-6.7,2.7\tc0.2,0,3.5-0.6,7.4-2.5C282.8,6.8,283.1,5.9,283,6z M31.3,11.6c0.1-0.2-1.9-0.2-4.5-1.2s-5.4-1.6-7.8-2C15,7.6,7.3,8.5,7.7,8.6\tC8,8.7,15.9,8.3,20.2,9.3c2.2,0.5,2.4,0.5,5.7,1.6S31.2,11.9,31.3,11.6z M73,9.2c0.4-0.1,3.5-1.6,8.4-2.6c4.9-1.1,8.9-0.5,8.9-0.8\tc0-0.3-1-0.9-6.2-0.3S72.6,9.3,73,9.2z M71.6,6.7C71.8,6.8,75,5.4,77.3,5c2.3-0.3,1.9-0.5,1.9-0.6c0-0.1-1.1-0.2-2.7,0.2\tC74.8,5.1,71.4,6.6,71.6,6.7z M93.6,4.4c0.1,0.2,3.5,0.8,5.6,1.8c2.1,1,1.8,0.6,1.9,0.5c0.1-0.1-0.8-0.8-2.4-1.3\tC97.1,4.8,93.5,4.2,93.6,4.4z M65.4,11.1c-0.1,0.3,0.3,0.5,1.9-0.2s2.6-1.3,2.2-1.2s-0.9,0.4-2.5,0.8C65.3,10.9,65.5,10.8,65.4,11.1\tz M34.5,12.4c-0.2,0,2.1,0.8,3.3,0.9c1.2,0.1,2,0.1,2-0.2c0-0.3-0.1-0.5-1.6-0.4C36.6,12.8,34.7,12.4,34.5,12.4z M152.2,21.1\tc-0.1,0.1-2.4-0.3-7.5-0.3c-5,0-13.6-2.4-17.2-3.5c-3.6-1.1,10,3.9,16.5,4.1C150.5,21.6,152.3,21,152.2,21.1z\"\/>\n\t<path class=\"elementor-shape-fill\" d=\"M269.6,18c-0.1-0.1-4.6,0.3-7.2,0c-7.3-0.7-17-3.2-16.6-2.9c0.4,0.3,13.7,3.1,17,3.3\tC267.7,18.8,269.7,18,269.6,18z\"\/>\n\t<path class=\"elementor-shape-fill\" d=\"M227.4,9.8c-0.2-0.1-4.5-1-9.5-1.2c-5-0.2-12.7,0.6-12.3,0.5c0.3-0.1,5.9-1.8,13.3-1.2\tS227.6,9.9,227.4,9.8z\"\/>\n\t<path class=\"elementor-shape-fill\" d=\"M204.5,13.4c-0.1-0.1,2-1,3.2-1.1c1.2-0.1,2,0,2,0.3c0,0.3-0.1,0.5-1.6,0.4\tC206.4,12.9,204.6,13.5,204.5,13.4z\"\/>\n\t<path class=\"elementor-shape-fill\" d=\"M201,10.6c0-0.1-4.4,1.2-6.3,2.2c-1.9,0.9-6.2,3.1-6.1,3.1c0.1,0.1,4.2-1.6,6.3-2.6\tS201,10.7,201,10.6z\"\/>\n\t<path class=\"elementor-shape-fill\" d=\"M154.5,26.7c-0.1-0.1-4.6,0.3-7.2,0c-7.3-0.7-17-3.2-16.6-2.9c0.4,0.3,13.7,3.1,17,3.3\tC152.6,27.5,154.6,26.8,154.5,26.7z\"\/>\n\t<path class=\"elementor-shape-fill\" d=\"M41.9,19.3c0,0,1.2-0.3,2.9-0.1c1.7,0.2,5.8,0.9,8.2,0.7c4.2-0.4,7.4-2.7,7-2.6\tc-0.4,0-4.3,2.2-8.6,1.9c-1.8-0.1-5.1-0.5-6.7-0.4S41.9,19.3,41.9,19.3z\"\/>\n\t<path class=\"elementor-shape-fill\" d=\"M75.5,12.6c0.2,0.1,2-0.8,4.3-1.1c2.3-0.2,2.1-0.3,2.1-0.5c0-0.1-1.8-0.4-3.4,0\tC76.9,11.5,75.3,12.5,75.5,12.6z\"\/>\n\t<path class=\"elementor-shape-fill\" d=\"M15.6,13.2c0-0.1,4.3,0,6.7,0.5c2.4,0.5,5,1.9,5,2c0,0.1-2.7-0.8-5.1-1.4\tC19.9,13.7,15.7,13.3,15.6,13.2z\"\/>\n<\/svg>\t\t<\/div>\n\t\t\t\t\t<div class=\"elementor-container elementor-column-gap-default\">\n\t\t\t\t\t<div class=\"has_ae_slider elementor-column elementor-col-100 elementor-top-column elementor-element elementor-element-c57c64f ae-bg-gallery-type-default\" data-id=\"c57c64f\" data-element_type=\"column\">\n\t\t\t<div class=\"elementor-widget-wrap elementor-element-populated\">\n\t\t\t\t\t\t\t<\/div>\n\t\t<\/div>\n\t\t\t\t\t<\/div>\n\t\t<\/section>\n\t\t\t\t<section data-particle_enable=\"false\" data-particle-mobile-disabled=\"false\" class=\"has_ae_slider elementor-section elementor-top-section elementor-element elementor-element-b2d097b elementor-section-boxed elementor-section-height-default elementor-section-height-default ae-bg-gallery-type-default\" data-id=\"b2d097b\" data-element_type=\"section\">\n\t\t\t\t\t\t<div class=\"elementor-container elementor-column-gap-default\">\n\t\t\t\t\t<div class=\"has_ae_slider elementor-column elementor-col-100 elementor-top-column elementor-element elementor-element-c3d5336 ae-bg-gallery-type-default\" data-id=\"c3d5336\" data-element_type=\"column\">\n\t\t\t<div class=\"elementor-widget-wrap elementor-element-populated\">\n\t\t\t\t\t\t<div class=\"elementor-element elementor-element-dca62d5 elementor-widget__width-auto elementor-widget elementor-widget-heading\" data-id=\"dca62d5\" data-element_type=\"widget\" data-widget_type=\"heading.default\">\n\t\t\t\t<div class=\"elementor-widget-container\">\n\t\t\t\t\t<h2 class=\"elementor-heading-title elementor-size-default\">Reference<\/h2>\t\t\t\t<\/div>\n\t\t\t\t<\/div>\n\t\t\t\t<div class=\"elementor-element elementor-element-d037739 elementor-widget__width-initial elementor-widget-divider--separator-type-pattern elementor-widget-divider--view-line elementor-widget elementor-widget-divider\" data-id=\"d037739\" data-element_type=\"widget\" data-widget_type=\"divider.default\">\n\t\t\t\t<div class=\"elementor-widget-container\">\n\t\t\t\t\t\t\t<div class=\"elementor-divider\" style=\"--divider-pattern-url: url(&quot;data:image\/svg+xml,%3Csvg xmlns=&#039;http:\/\/www.w3.org\/2000\/svg&#039; preserveAspectRatio=&#039;none&#039; overflow=&#039;visible&#039; height=&#039;100%&#039; viewBox=&#039;0 0 24 24&#039; fill=&#039;none&#039; stroke=&#039;black&#039; stroke-width=&#039;2&#039; stroke-linecap=&#039;square&#039; stroke-miterlimit=&#039;10&#039;%3E%3Cpath d=&#039;M0,6c6,0,6,13,12,13S18,6,24,6&#039;\/%3E%3C\/svg%3E&quot;);\">\n\t\t\t<span class=\"elementor-divider-separator\">\n\t\t\t\t\t\t<\/span>\n\t\t<\/div>\n\t\t\t\t\t\t<\/div>\n\t\t\t\t<\/div>\n\t\t\t\t\t<\/div>\n\t\t<\/div>\n\t\t\t\t\t<\/div>\n\t\t<\/section>\n\t\t\t\t<section data-particle_enable=\"false\" data-particle-mobile-disabled=\"false\" class=\"has_ae_slider elementor-section elementor-top-section elementor-element elementor-element-c22b13f elementor-section-boxed elementor-section-height-default elementor-section-height-default ae-bg-gallery-type-default elementor-invisible\" data-id=\"c22b13f\" data-element_type=\"section\" data-settings=\"{&quot;animation&quot;:&quot;slideInUp&quot;}\">\n\t\t\t\t\t\t<div class=\"elementor-container elementor-column-gap-default\">\n\t\t\t\t\t<div class=\"has_ae_slider elementor-column elementor-col-100 elementor-top-column elementor-element elementor-element-5cfa0d9 ae-bg-gallery-type-default\" data-id=\"5cfa0d9\" data-element_type=\"column\">\n\t\t\t<div class=\"elementor-widget-wrap elementor-element-populated\">\n\t\t\t\t\t\t<div class=\"elementor-element elementor-element-ad3694a elementor-grid-1 elementor-grid-tablet-1 elementor-grid-mobile-1 pp-testimonials-content-default pp-testimonials-h-align-center elementor--star-style-star_fontawesome elementor-widget elementor-widget-pp-testimonials\" data-id=\"ad3694a\" data-element_type=\"widget\" data-widget_type=\"pp-testimonials.default\">\n\t\t\t\t<div class=\"elementor-widget-container\">\n\t\t\t\t\t\t\t<div class=\"pp-testimonials-wrap\">\n\t\t\t\n\t\t\t\t<div class=\"pp-testimonials pp-testimonials-grid pp-testimonials-image- elementor-grid\" data-layout=\"grid\">\n\t\t\t\t\t\t\t\t\t\t\t<div class=\"pp-grid-item-wrap elementor-grid-item\">\n\t\t\t\t\t\t\t<div class=\"pp-testimonial-outer\">\n\t\t\t\t\t\t\t\t<div class=\"pp-testimonial pp-testimonial-skin-1 pp-grid-item\">\n\t\t\t\t\t\t\t\t\t\t\t<div class=\"pp-testimonial-content\">\n\t\t\t\t\t<div class=\"pp-testimonial-text\">\n\t\t\tWe love the school very much, mainly thanks to the helpful approach of the teachers and the principal. I also praise the frequent organization of various activities for children (dog visits, African drums, salt cave, etc.) and I also appreciate the insertion of photos from these events on FB. I recommend the school where I can. Thank you \n\n\t\t<\/div>\n\t\t\t\t<\/div>\n\t\t\t\t<div class=\"pp-testimonial-footer\">\n\t\t\t<div class=\"pp-testimonial-footer-inner\">\n\t\t\t\t\t\t\t\t\t<div class=\"pp-testimonial-cite\">\n\t\t\t\t\t\t\t\t\t<div class=\"pp-testimonial-name\">Zemkov\u00e1<\/div>\n\t\t\t\t\t\t\t\t<\/div>\n\t\t\t\t\t\t\t\t<\/div>\n\t\t<\/div>\n\t\t\t\t\t\t\t\t\t\t<\/div>\n\t\t\t\t\t\t\t<\/div>\n\t\t\t\t\t\t<\/div>\n\t\t\t\t\t\t\t\t\t\t\t<div class=\"pp-grid-item-wrap elementor-grid-item\">\n\t\t\t\t\t\t\t<div class=\"pp-testimonial-outer\">\n\t\t\t\t\t\t\t\t<div class=\"pp-testimonial pp-testimonial-skin-1 pp-grid-item\">\n\t\t\t\t\t\t\t\t\t\t\t<div class=\"pp-testimonial-content\">\n\t\t\t\t\t<div class=\"pp-testimonial-text\">\n\t\t\tDaughter attended Dome\u010dek kindergarten from the age of 2 and we were all extremely satisfied. The staff was and is great, although it should be taken as working with people and it always takes time. The headmistress is great, and when she senses that something is not working, she solves the situation immediately. The daughter learned a lot of things there and the adaptation in the &#8222;big&#8220; kindergarten went without any problems.\n\t\t<\/div>\n\t\t\t\t<\/div>\n\t\t\t\t<div class=\"pp-testimonial-footer\">\n\t\t\t<div class=\"pp-testimonial-footer-inner\">\n\t\t\t\t\t\t\t\t\t<div class=\"pp-testimonial-cite\">\n\t\t\t\t\t\t\t\t\t<div class=\"pp-testimonial-name\">Tereza Kahovcov\u00e1<\/div>\n\t\t\t\t\t\t\t\t<\/div>\n\t\t\t\t\t\t\t\t<\/div>\n\t\t<\/div>\n\t\t\t\t\t\t\t\t\t\t<\/div>\n\t\t\t\t\t\t\t<\/div>\n\t\t\t\t\t\t<\/div>\n\t\t\t\t\t\t\t\t\t\t\t<div class=\"pp-grid-item-wrap elementor-grid-item\">\n\t\t\t\t\t\t\t<div class=\"pp-testimonial-outer\">\n\t\t\t\t\t\t\t\t<div class=\"pp-testimonial pp-testimonial-skin-1 pp-grid-item\">\n\t\t\t\t\t\t\t\t\t\t\t<div class=\"pp-testimonial-content\">\n\t\t\t\t\t<div class=\"pp-testimonial-text\">\n\t\t\tMy son attended school for about 1.5 years and I definitely recommend it. Nice staff, great deal, good price and most importantly a happy child.\t\t<\/div>\n\t\t\t\t<\/div>\n\t\t\t\t<div class=\"pp-testimonial-footer\">\n\t\t\t<div class=\"pp-testimonial-footer-inner\">\n\t\t\t\t\t\t\t\t\t<div class=\"pp-testimonial-cite\">\n\t\t\t\t\t\t\t\t\t<div class=\"pp-testimonial-name\">Line<\/div>\n\t\t\t\t\t\t\t\t<\/div>\n\t\t\t\t\t\t\t\t<\/div>\n\t\t<\/div>\n\t\t\t\t\t\t\t\t\t\t<\/div>\n\t\t\t\t\t\t\t<\/div>\n\t\t\t\t\t\t<\/div>\n\t\t\t\t\t\t\t\t\t\t\t<div class=\"pp-grid-item-wrap elementor-grid-item\">\n\t\t\t\t\t\t\t<div class=\"pp-testimonial-outer\">\n\t\t\t\t\t\t\t\t<div class=\"pp-testimonial pp-testimonial-skin-1 pp-grid-item\">\n\t\t\t\t\t\t\t\t\t\t\t<div class=\"pp-testimonial-content\">\n\t\t\t\t\t<div class=\"pp-testimonial-text\">\n\t\t\tThe kindergarten in Kyje made us very happy and even more nice staff &#8230;. Our K\u00e1ja liked going there. Great just like that !!!\t\t<\/div>\n\t\t\t\t<\/div>\n\t\t\t\t<div class=\"pp-testimonial-footer\">\n\t\t\t<div class=\"pp-testimonial-footer-inner\">\n\t\t\t\t\t\t\t\t\t<div class=\"pp-testimonial-cite\">\n\t\t\t\t\t\t\t\t\t<div class=\"pp-testimonial-name\">Novel<\/div>\n\t\t\t\t\t\t\t\t<\/div>\n\t\t\t\t\t\t\t\t<\/div>\n\t\t<\/div>\n\t\t\t\t\t\t\t\t\t\t<\/div>\n\t\t\t\t\t\t\t<\/div>\n\t\t\t\t\t\t<\/div>\n\t\t\t\t\t\t\t\t\t\t\t<div class=\"pp-grid-item-wrap elementor-grid-item\">\n\t\t\t\t\t\t\t<div class=\"pp-testimonial-outer\">\n\t\t\t\t\t\t\t\t<div class=\"pp-testimonial pp-testimonial-skin-1 pp-grid-item\">\n\t\t\t\t\t\t\t\t\t\t\t<div class=\"pp-testimonial-content\">\n\t\t\t\t\t<div class=\"pp-testimonial-text\">\n\t\t\tThe house in Kyje is a pleasant little school in a family house. The premises are quite sufficient for the number of children, the large garden is a clear plus. Thanks to the very quiet location, children can go for walks without worrying about their health. The staff is very helpful with a beautiful relationship with children. Our pet is especially sensitive to that :-). And I really like the director&#8217;s actions. Nothing is a problem, everything has a solution that is oriented to the needs of children and their parents. We are completely satisfied!\t\t<\/div>\n\t\t\t\t<\/div>\n\t\t\t\t<div class=\"pp-testimonial-footer\">\n\t\t\t<div class=\"pp-testimonial-footer-inner\">\n\t\t\t\t\t\t\t\t\t<div class=\"pp-testimonial-cite\">\n\t\t\t\t\t\t\t\t\t<div class=\"pp-testimonial-name\">Steve T.<\/div>\n\t\t\t\t\t\t\t\t<\/div>\n\t\t\t\t\t\t\t\t<\/div>\n\t\t<\/div>\n\t\t\t\t\t\t\t\t\t\t<\/div>\n\t\t\t\t\t\t\t<\/div>\n\t\t\t\t\t\t<\/div>\n\t\t\t\t\t\t\t\t\t<\/div>\n\t\t\t\t\t<\/div>\n\t\t\t\t\t\t<\/div>\n\t\t\t\t<\/div>\n\t\t\t\t\t<\/div>\n\t\t<\/div>\n\t\t\t\t\t<\/div>\n\t\t<\/section>\n\t\t\t\t<\/div>\n\t\t","protected":false},"excerpt":{"rendered":"<p>Reference We love the school very much, mainly thanks to the helpful approach of the teachers and the principal. I also praise the frequent organization of various activities for children (dog visits, African drums, salt cave, etc.) and I also appreciate the insertion of photos from these events on FB. I recommend the school where [&hellip;]<\/p>\n","protected":false},"author":2,"featured_media":862,"parent":974,"menu_order":0,"comment_status":"closed","ping_status":"closed","template":"","meta":{"footnotes":""},"class_list":["post-996","page","type-page","status-publish","has-post-thumbnail","hentry"],"acf":[],"yoast_head":"<!-- This site is optimized with the Yoast SEO Premium plugin v15.2.1 - https:\/\/yoast.com\/wordpress\/plugins\/seo\/ -->\n<title>Reference - \u0160koli\u010dka Dome\u010dek<\/title>\n<meta name=\"robots\" content=\"index, follow, max-snippet:-1, max-image-preview:large, max-video-preview:-1\" \/>\n<link rel=\"canonical\" href=\"https:\/\/www.skolicka-domecek.cz\/p5\/about-us\/reference\/?lang=en\" \/>\n<meta property=\"og:locale\" content=\"cs_CZ\" \/>\n<meta property=\"og:type\" content=\"article\" \/>\n<meta property=\"og:title\" content=\"Reference - \u0160koli\u010dka Dome\u010dek\" \/>\n<meta property=\"og:description\" content=\"Reference We love the school very much, mainly thanks to the helpful approach of the teachers and the principal. I also praise the frequent organization of various activities for children (dog visits, African drums, salt cave, etc.) and I also appreciate the insertion of photos from these events on FB. I recommend the school where [&hellip;]\" \/>\n<meta property=\"og:url\" content=\"https:\/\/www.skolicka-domecek.cz\/p5\/about-us\/reference\/?lang=en\" \/>\n<meta property=\"og:site_name\" content=\"\u0160koli\u010dka Dome\u010dek\" \/>\n<meta property=\"article:modified_time\" content=\"2022-05-10T10:03:55+00:00\" \/>\n<meta property=\"og:image\" content=\"https:\/\/www.skolicka-domecek.cz\/p5\/wp-content\/uploads\/2022\/04\/DSC_0315-scaled.jpg\" \/>\n\t<meta property=\"og:image:width\" content=\"2560\" \/>\n\t<meta property=\"og:image:height\" content=\"1707\" \/>\n<meta name=\"twitter:card\" content=\"summary_large_image\" \/>\n<meta name=\"twitter:label1\" content=\"Napsal(a)\">\n\t<meta name=\"twitter:data1\" content=\"Roman Kudl\u00e1\u010dek\">\n\t<meta name=\"twitter:label2\" content=\"Odhadovan\u00e1 doba \u010dten\u00ed\">\n\t<meta name=\"twitter:data2\" content=\"1 minuta\">\n<script type=\"application\/ld+json\" class=\"yoast-schema-graph\">{\"@context\":\"https:\/\/schema.org\",\"@graph\":[{\"@type\":\"WebSite\",\"@id\":\"http:\/\/www.skolicka-domecek.cz\/p5\/#website\",\"url\":\"http:\/\/www.skolicka-domecek.cz\/p5\/\",\"name\":\"\\u0160koli\\u010dka Dome\\u010dek\",\"description\":\"\",\"potentialAction\":[{\"@type\":\"SearchAction\",\"target\":\"http:\/\/www.skolicka-domecek.cz\/p5\/?s={search_term_string}\",\"query-input\":\"required name=search_term_string\"}],\"inLanguage\":\"cs\"},{\"@type\":\"ImageObject\",\"@id\":\"https:\/\/www.skolicka-domecek.cz\/p5\/about-us\/reference\/?lang=en#primaryimage\",\"inLanguage\":\"cs\",\"url\":\"https:\/\/www.skolicka-domecek.cz\/p5\/wp-content\/uploads\/2022\/04\/DSC_0315-scaled.jpg\",\"width\":2560,\"height\":1707},{\"@type\":\"WebPage\",\"@id\":\"https:\/\/www.skolicka-domecek.cz\/p5\/about-us\/reference\/?lang=en#webpage\",\"url\":\"https:\/\/www.skolicka-domecek.cz\/p5\/about-us\/reference\/?lang=en\",\"name\":\"Reference - \\u0160koli\\u010dka Dome\\u010dek\",\"isPartOf\":{\"@id\":\"http:\/\/www.skolicka-domecek.cz\/p5\/#website\"},\"primaryImageOfPage\":{\"@id\":\"https:\/\/www.skolicka-domecek.cz\/p5\/about-us\/reference\/?lang=en#primaryimage\"},\"datePublished\":\"2022-03-10T08:24:02+00:00\",\"dateModified\":\"2022-05-10T10:03:55+00:00\",\"inLanguage\":\"cs\",\"potentialAction\":[{\"@type\":\"ReadAction\",\"target\":[\"https:\/\/www.skolicka-domecek.cz\/p5\/about-us\/reference\/?lang=en\"]}]}]}<\/script>\n<!-- \/ Yoast SEO Premium plugin. -->","_links":{"self":[{"href":"https:\/\/www.skolicka-domecek.cz\/p5\/wp-json\/wp\/v2\/pages\/996","targetHints":{"allow":["GET"]}}],"collection":[{"href":"https:\/\/www.skolicka-domecek.cz\/p5\/wp-json\/wp\/v2\/pages"}],"about":[{"href":"https:\/\/www.skolicka-domecek.cz\/p5\/wp-json\/wp\/v2\/types\/page"}],"author":[{"embeddable":true,"href":"https:\/\/www.skolicka-domecek.cz\/p5\/wp-json\/wp\/v2\/users\/2"}],"replies":[{"embeddable":true,"href":"https:\/\/www.skolicka-domecek.cz\/p5\/wp-json\/wp\/v2\/comments?post=996"}],"version-history":[{"count":1,"href":"https:\/\/www.skolicka-domecek.cz\/p5\/wp-json\/wp\/v2\/pages\/996\/revisions"}],"predecessor-version":[{"id":997,"href":"https:\/\/www.skolicka-domecek.cz\/p5\/wp-json\/wp\/v2\/pages\/996\/revisions\/997"}],"up":[{"embeddable":true,"href":"https:\/\/www.skolicka-domecek.cz\/p5\/wp-json\/wp\/v2\/pages\/974"}],"wp:featuredmedia":[{"embeddable":true,"href":"https:\/\/www.skolicka-domecek.cz\/p5\/wp-json\/wp\/v2\/media\/862"}],"wp:attachment":[{"href":"https:\/\/www.skolicka-domecek.cz\/p5\/wp-json\/wp\/v2\/media?parent=996"}],"curies":[{"name":"wp","href":"https:\/\/api.w.org\/{rel}","templated":true}]}}