{"id":986,"date":"2022-03-10T09:59:15","date_gmt":"2022-03-10T07:59:15","guid":{"rendered":"https:\/\/www.skolicka-domecek.cz\/p5\/about-us\/our-team\/"},"modified":"2022-08-08T13:33:11","modified_gmt":"2022-08-08T11:33:11","slug":"our-team","status":"publish","type":"page","link":"https:\/\/www.skolicka-domecek.cz\/p5\/about-us\/our-team\/?lang=en","title":{"rendered":"Our team"},"content":{"rendered":"\t\t<div data-elementor-type=\"wp-page\" data-elementor-id=\"986\" class=\"elementor elementor-986 elementor-325\" data-elementor-post-type=\"page\">\n\t\t\t\t\t\t<section data-particle_enable=\"false\" data-particle-mobile-disabled=\"false\" class=\"has_ae_slider elementor-section elementor-top-section elementor-element elementor-element-3b7bce7 elementor-section-full_width elementor-section-height-min-height elementor-section-height-default elementor-section-items-middle ae-bg-gallery-type-default\" data-id=\"3b7bce7\" data-element_type=\"section\" data-settings=\"{&quot;background_background&quot;:&quot;classic&quot;,&quot;shape_divider_bottom&quot;:&quot;wave-brush&quot;}\">\n\t\t\t\t\t\t\t<div class=\"elementor-background-overlay\"><\/div>\n\t\t\t\t\t\t<div class=\"elementor-shape elementor-shape-bottom\" data-negative=\"false\">\n\t\t\t<svg xmlns=\"http:\/\/www.w3.org\/2000\/svg\" viewBox=\"0 0 283.5 27.8\" preserveAspectRatio=\"none\">\n\t<path class=\"elementor-shape-fill\" d=\"M283.5,9.7c0,0-7.3,4.3-14,4.6c-6.8,0.3-12.6,0-20.9-1.5c-11.3-2-33.1-10.1-44.7-5.7\ts-12.1,4.6-18,7.4c-6.6,3.2-20,9.6-36.6,9.3C131.6,23.5,99.5,7.2,86.3,8c-1.4,0.1-6.6,0.8-10.5,2c-3.8,1.2-9.4,3.8-17,4.7\tc-3.2,0.4-8.3,1.1-14.2,0.9c-1.5-0.1-6.3-0.4-12-1.6c-5.7-1.2-11-3.1-15.8-3.7C6.5,9.2,0,10.8,0,10.8V0h283.5V9.7z M260.8,11.3\tc-0.7-1-2-0.4-4.3-0.4c-2.3,0-6.1-1.2-5.8-1.1c0.3,0.1,3.1,1.5,6,1.9C259.7,12.2,261.4,12.3,260.8,11.3z M242.4,8.6\tc0,0-2.4-0.2-5.6-0.9c-3.2-0.8-10.3-2.8-15.1-3.5c-8.2-1.1-15.8,0-15.1,0.1c0.8,0.1,9.6-0.6,17.6,1.1c3.3,0.7,9.3,2.2,12.4,2.7\tC239.9,8.7,242.4,8.6,242.4,8.6z M185.2,8.5c1.7-0.7-13.3,4.7-18.5,6.1c-2.1,0.6-6.2,1.6-10,2c-3.9,0.4-8.9,0.4-8.8,0.5\tc0,0.2,5.8,0.8,11.2,0c5.4-0.8,5.2-1.1,7.6-1.6C170.5,14.7,183.5,9.2,185.2,8.5z M199.1,6.9c0.2,0-0.8-0.4-4.8,1.1\tc-4,1.5-6.7,3.5-6.9,3.7c-0.2,0.1,3.5-1.8,6.6-3C197,7.5,199,6.9,199.1,6.9z M283,6c-0.1,0.1-1.9,1.1-4.8,2.5s-6.9,2.8-6.7,2.7\tc0.2,0,3.5-0.6,7.4-2.5C282.8,6.8,283.1,5.9,283,6z M31.3,11.6c0.1-0.2-1.9-0.2-4.5-1.2s-5.4-1.6-7.8-2C15,7.6,7.3,8.5,7.7,8.6\tC8,8.7,15.9,8.3,20.2,9.3c2.2,0.5,2.4,0.5,5.7,1.6S31.2,11.9,31.3,11.6z M73,9.2c0.4-0.1,3.5-1.6,8.4-2.6c4.9-1.1,8.9-0.5,8.9-0.8\tc0-0.3-1-0.9-6.2-0.3S72.6,9.3,73,9.2z M71.6,6.7C71.8,6.8,75,5.4,77.3,5c2.3-0.3,1.9-0.5,1.9-0.6c0-0.1-1.1-0.2-2.7,0.2\tC74.8,5.1,71.4,6.6,71.6,6.7z M93.6,4.4c0.1,0.2,3.5,0.8,5.6,1.8c2.1,1,1.8,0.6,1.9,0.5c0.1-0.1-0.8-0.8-2.4-1.3\tC97.1,4.8,93.5,4.2,93.6,4.4z M65.4,11.1c-0.1,0.3,0.3,0.5,1.9-0.2s2.6-1.3,2.2-1.2s-0.9,0.4-2.5,0.8C65.3,10.9,65.5,10.8,65.4,11.1\tz M34.5,12.4c-0.2,0,2.1,0.8,3.3,0.9c1.2,0.1,2,0.1,2-0.2c0-0.3-0.1-0.5-1.6-0.4C36.6,12.8,34.7,12.4,34.5,12.4z M152.2,21.1\tc-0.1,0.1-2.4-0.3-7.5-0.3c-5,0-13.6-2.4-17.2-3.5c-3.6-1.1,10,3.9,16.5,4.1C150.5,21.6,152.3,21,152.2,21.1z\"\/>\n\t<path class=\"elementor-shape-fill\" d=\"M269.6,18c-0.1-0.1-4.6,0.3-7.2,0c-7.3-0.7-17-3.2-16.6-2.9c0.4,0.3,13.7,3.1,17,3.3\tC267.7,18.8,269.7,18,269.6,18z\"\/>\n\t<path class=\"elementor-shape-fill\" d=\"M227.4,9.8c-0.2-0.1-4.5-1-9.5-1.2c-5-0.2-12.7,0.6-12.3,0.5c0.3-0.1,5.9-1.8,13.3-1.2\tS227.6,9.9,227.4,9.8z\"\/>\n\t<path class=\"elementor-shape-fill\" d=\"M204.5,13.4c-0.1-0.1,2-1,3.2-1.1c1.2-0.1,2,0,2,0.3c0,0.3-0.1,0.5-1.6,0.4\tC206.4,12.9,204.6,13.5,204.5,13.4z\"\/>\n\t<path class=\"elementor-shape-fill\" d=\"M201,10.6c0-0.1-4.4,1.2-6.3,2.2c-1.9,0.9-6.2,3.1-6.1,3.1c0.1,0.1,4.2-1.6,6.3-2.6\tS201,10.7,201,10.6z\"\/>\n\t<path class=\"elementor-shape-fill\" d=\"M154.5,26.7c-0.1-0.1-4.6,0.3-7.2,0c-7.3-0.7-17-3.2-16.6-2.9c0.4,0.3,13.7,3.1,17,3.3\tC152.6,27.5,154.6,26.8,154.5,26.7z\"\/>\n\t<path class=\"elementor-shape-fill\" d=\"M41.9,19.3c0,0,1.2-0.3,2.9-0.1c1.7,0.2,5.8,0.9,8.2,0.7c4.2-0.4,7.4-2.7,7-2.6\tc-0.4,0-4.3,2.2-8.6,1.9c-1.8-0.1-5.1-0.5-6.7-0.4S41.9,19.3,41.9,19.3z\"\/>\n\t<path class=\"elementor-shape-fill\" d=\"M75.5,12.6c0.2,0.1,2-0.8,4.3-1.1c2.3-0.2,2.1-0.3,2.1-0.5c0-0.1-1.8-0.4-3.4,0\tC76.9,11.5,75.3,12.5,75.5,12.6z\"\/>\n\t<path class=\"elementor-shape-fill\" d=\"M15.6,13.2c0-0.1,4.3,0,6.7,0.5c2.4,0.5,5,1.9,5,2c0,0.1-2.7-0.8-5.1-1.4\tC19.9,13.7,15.7,13.3,15.6,13.2z\"\/>\n<\/svg>\t\t<\/div>\n\t\t\t\t\t<div class=\"elementor-container elementor-column-gap-default\">\n\t\t\t\t\t<div class=\"has_ae_slider elementor-column elementor-col-100 elementor-top-column elementor-element elementor-element-c57c64f ae-bg-gallery-type-default\" data-id=\"c57c64f\" data-element_type=\"column\">\n\t\t\t<div class=\"elementor-widget-wrap elementor-element-populated\">\n\t\t\t\t\t\t\t<\/div>\n\t\t<\/div>\n\t\t\t\t\t<\/div>\n\t\t<\/section>\n\t\t\t\t<section data-particle_enable=\"false\" data-particle-mobile-disabled=\"false\" class=\"has_ae_slider elementor-section elementor-top-section elementor-element elementor-element-25b1f85 elementor-section-boxed elementor-section-height-default elementor-section-height-default ae-bg-gallery-type-default elementor-invisible\" data-id=\"25b1f85\" data-element_type=\"section\" data-settings=\"{&quot;animation&quot;:&quot;slideInUp&quot;}\">\n\t\t\t\t\t\t<div class=\"elementor-container elementor-column-gap-default\">\n\t\t\t\t\t<div class=\"has_ae_slider elementor-column elementor-col-50 elementor-top-column elementor-element elementor-element-e820c41 ae-bg-gallery-type-default\" data-id=\"e820c41\" data-element_type=\"column\">\n\t\t\t<div class=\"elementor-widget-wrap elementor-element-populated\">\n\t\t\t\t\t\t<div class=\"elementor-element elementor-element-0b0c9b8 elementor-widget elementor-widget-image\" data-id=\"0b0c9b8\" data-element_type=\"widget\" data-widget_type=\"image.default\">\n\t\t\t\t<div class=\"elementor-widget-container\">\n\t\t\t\t\t\t\t\t\t\t\t\t\t\t\t<img fetchpriority=\"high\" decoding=\"async\" width=\"800\" height=\"842\" src=\"https:\/\/www.skolicka-domecek.cz\/p5\/wp-content\/uploads\/2022\/03\/IMG-20200611-WA0019-e1591880850509-973x1024.jpg\" class=\"attachment-large size-large wp-image-329\" alt=\"\" srcset=\"https:\/\/www.skolicka-domecek.cz\/p5\/wp-content\/uploads\/2022\/03\/IMG-20200611-WA0019-e1591880850509-973x1024.jpg 973w, https:\/\/www.skolicka-domecek.cz\/p5\/wp-content\/uploads\/2022\/03\/IMG-20200611-WA0019-e1591880850509-285x300.jpg 285w, https:\/\/www.skolicka-domecek.cz\/p5\/wp-content\/uploads\/2022\/03\/IMG-20200611-WA0019-e1591880850509-768x808.jpg 768w, https:\/\/www.skolicka-domecek.cz\/p5\/wp-content\/uploads\/2022\/03\/IMG-20200611-WA0019-e1591880850509.jpg 1156w\" sizes=\"(max-width: 800px) 100vw, 800px\" \/>\t\t\t\t\t\t\t\t\t\t\t\t\t\t\t<\/div>\n\t\t\t\t<\/div>\n\t\t\t\t\t<\/div>\n\t\t<\/div>\n\t\t\t\t<div class=\"has_ae_slider elementor-column elementor-col-50 elementor-top-column elementor-element elementor-element-b90f52b ae-bg-gallery-type-default\" data-id=\"b90f52b\" data-element_type=\"column\">\n\t\t\t<div class=\"elementor-widget-wrap elementor-element-populated\">\n\t\t\t\t\t\t<div class=\"elementor-element elementor-element-8e83427 elementor-widget__width-auto elementor-widget elementor-widget-heading\" data-id=\"8e83427\" data-element_type=\"widget\" data-widget_type=\"heading.default\">\n\t\t\t\t<div class=\"elementor-widget-container\">\n\t\t\t\t\t<h3 class=\"elementor-heading-title elementor-size-default\">Mark\u00e9ta Luk\u00e1\u010dov\u00e1\n\n<\/h3>\t\t\t\t<\/div>\n\t\t\t\t<\/div>\n\t\t\t\t<div class=\"elementor-element elementor-element-f21f078 elementor-widget__width-initial elementor-widget-divider--separator-type-pattern elementor-widget-divider--view-line elementor-widget elementor-widget-divider\" data-id=\"f21f078\" data-element_type=\"widget\" data-widget_type=\"divider.default\">\n\t\t\t\t<div class=\"elementor-widget-container\">\n\t\t\t\t\t\t\t<div class=\"elementor-divider\" style=\"--divider-pattern-url: url(&quot;data:image\/svg+xml,%3Csvg xmlns=&#039;http:\/\/www.w3.org\/2000\/svg&#039; preserveAspectRatio=&#039;none&#039; overflow=&#039;visible&#039; height=&#039;100%&#039; viewBox=&#039;0 0 24 24&#039; fill=&#039;none&#039; stroke=&#039;black&#039; stroke-width=&#039;2&#039; stroke-linecap=&#039;square&#039; stroke-miterlimit=&#039;10&#039;%3E%3Cpath d=&#039;M0,6c6,0,6,13,12,13S18,6,24,6&#039;\/%3E%3C\/svg%3E&quot;);\">\n\t\t\t<span class=\"elementor-divider-separator\">\n\t\t\t\t\t\t<\/span>\n\t\t<\/div>\n\t\t\t\t\t\t<\/div>\n\t\t\t\t<\/div>\n\t\t\t\t<div class=\"elementor-element elementor-element-b1cee59 elementor-widget elementor-widget-text-editor\" data-id=\"b1cee59\" data-element_type=\"widget\" data-widget_type=\"text-editor.default\">\n\t\t\t\t<div class=\"elementor-widget-container\">\n\t\t\t\t\t\t\t\t\t<p>Founder of the Dome\u010dek school in 2009 in Prague Uh\u0159\u00edn\u011bves, in 2010 Prague 9 Kyje, 2011 T\u00fdnec nad S\u00e1zavou, 2012 Bene\u0161ov. Mother of 2 children.<\/p><p>Principal and pedagogue of the school &#8211; graduated from SPg\u0160 Beroun in the field of teaching for kindergartens and NIDV in the field of Qualification Studies for principals of schools and school facilities.<\/p><p>He constantly works on his education by taking courses:<\/p><ul><li>Creating work habits and training attention in preschool children<\/li><li>Effective communication with parents<\/li><li>Keeping mandatory documentation in kindergarten<\/li><li>Ceramics course for kindergarten and elementary school teachers<\/li><li>Two-year-old children in kindergarten<\/li><li>Behavioral and concentration disorders in children in kindergarten<\/li><li>Course of drawing the right cerebral hemisphere and Montessori pedagogy<\/li><\/ul><p>he speaks English, German<\/p>\t\t\t\t\t\t\t\t<\/div>\n\t\t\t\t<\/div>\n\t\t\t\t\t<\/div>\n\t\t<\/div>\n\t\t\t\t\t<\/div>\n\t\t<\/section>\n\t\t\t\t<section data-particle_enable=\"false\" data-particle-mobile-disabled=\"false\" class=\"has_ae_slider elementor-section elementor-top-section elementor-element elementor-element-23ff6df elementor-section-boxed elementor-section-height-default elementor-section-height-default ae-bg-gallery-type-default elementor-invisible\" data-id=\"23ff6df\" data-element_type=\"section\" data-settings=\"{&quot;animation&quot;:&quot;slideInUp&quot;}\">\n\t\t\t\t\t\t<div class=\"elementor-container elementor-column-gap-default\">\n\t\t\t\t\t<div class=\"has_ae_slider elementor-column elementor-col-50 elementor-top-column elementor-element elementor-element-1962018 ae-bg-gallery-type-default\" data-id=\"1962018\" data-element_type=\"column\">\n\t\t\t<div class=\"elementor-widget-wrap elementor-element-populated\">\n\t\t\t\t\t\t<div class=\"elementor-element elementor-element-8d3b056 elementor-widget elementor-widget-image\" data-id=\"8d3b056\" data-element_type=\"widget\" data-widget_type=\"image.default\">\n\t\t\t\t<div class=\"elementor-widget-container\">\n\t\t\t\t\t\t\t\t\t\t\t\t\t\t\t<img decoding=\"async\" width=\"780\" height=\"1024\" src=\"https:\/\/www.skolicka-domecek.cz\/p5\/wp-content\/uploads\/2022\/04\/MARKETA-LUKACOVA-posila-fotografii-1-780x1024.jpg\" class=\"attachment-large size-large wp-image-637\" alt=\"\" srcset=\"https:\/\/www.skolicka-domecek.cz\/p5\/wp-content\/uploads\/2022\/04\/MARKETA-LUKACOVA-posila-fotografii-1-780x1024.jpg 780w, https:\/\/www.skolicka-domecek.cz\/p5\/wp-content\/uploads\/2022\/04\/MARKETA-LUKACOVA-posila-fotografii-1-228x300.jpg 228w, https:\/\/www.skolicka-domecek.cz\/p5\/wp-content\/uploads\/2022\/04\/MARKETA-LUKACOVA-posila-fotografii-1-768x1009.jpg 768w, https:\/\/www.skolicka-domecek.cz\/p5\/wp-content\/uploads\/2022\/04\/MARKETA-LUKACOVA-posila-fotografii-1-1169x1536.jpg 1169w, https:\/\/www.skolicka-domecek.cz\/p5\/wp-content\/uploads\/2022\/04\/MARKETA-LUKACOVA-posila-fotografii-1.jpg 1218w\" sizes=\"(max-width: 780px) 100vw, 780px\" \/>\t\t\t\t\t\t\t\t\t\t\t\t\t\t\t<\/div>\n\t\t\t\t<\/div>\n\t\t\t\t\t<\/div>\n\t\t<\/div>\n\t\t\t\t<div class=\"has_ae_slider elementor-column elementor-col-50 elementor-top-column elementor-element elementor-element-970f840 ae-bg-gallery-type-default\" data-id=\"970f840\" data-element_type=\"column\">\n\t\t\t<div class=\"elementor-widget-wrap elementor-element-populated\">\n\t\t\t\t\t\t<div class=\"elementor-element elementor-element-e48b17f elementor-widget__width-auto elementor-widget elementor-widget-heading\" data-id=\"e48b17f\" data-element_type=\"widget\" data-widget_type=\"heading.default\">\n\t\t\t\t<div class=\"elementor-widget-container\">\n\t\t\t\t\t<h3 class=\"elementor-heading-title elementor-size-default\">Claudia Oler\u00edny<\/h3>\t\t\t\t<\/div>\n\t\t\t\t<\/div>\n\t\t\t\t<div class=\"elementor-element elementor-element-bf0e199 elementor-widget__width-initial elementor-widget-divider--separator-type-pattern elementor-widget-divider--view-line elementor-widget elementor-widget-divider\" data-id=\"bf0e199\" data-element_type=\"widget\" data-widget_type=\"divider.default\">\n\t\t\t\t<div class=\"elementor-widget-container\">\n\t\t\t\t\t\t\t<div class=\"elementor-divider\" style=\"--divider-pattern-url: url(&quot;data:image\/svg+xml,%3Csvg xmlns=&#039;http:\/\/www.w3.org\/2000\/svg&#039; preserveAspectRatio=&#039;none&#039; overflow=&#039;visible&#039; height=&#039;100%&#039; viewBox=&#039;0 0 24 24&#039; fill=&#039;none&#039; stroke=&#039;black&#039; stroke-width=&#039;2&#039; stroke-linecap=&#039;square&#039; stroke-miterlimit=&#039;10&#039;%3E%3Cpath d=&#039;M0,6c6,0,6,13,12,13S18,6,24,6&#039;\/%3E%3C\/svg%3E&quot;);\">\n\t\t\t<span class=\"elementor-divider-separator\">\n\t\t\t\t\t\t<\/span>\n\t\t<\/div>\n\t\t\t\t\t\t<\/div>\n\t\t\t\t<\/div>\n\t\t\t\t<div class=\"elementor-element elementor-element-38dfeac elementor-widget elementor-widget-text-editor\" data-id=\"38dfeac\" data-element_type=\"widget\" data-widget_type=\"text-editor.default\">\n\t\t\t\t<div class=\"elementor-widget-container\">\n\t\t\t\t\t\t\t\t\t<p>Teta Claudia d\u011bt\u00ed j\u00ed oslovuj\u00ed &#8222;Klaud\u00ed&#8220;<\/p><p>Mezi jej\u00ed p\u0159ede\u0161l\u00e9 pracovn\u00ed zku\u0161enosti pat\u0159\u00ed praxe s d\u011btmi v soukrom\u00e9 mate\u0159sk\u00e9 \u0161kolce v Praze, kde vyu\u010dovala anglick\u00fd jazyk a pom\u00e1hala s po\u0159\u00e1d\u00e1n\u00edm d\u011btsk\u00fdch akc\u00ed. Pot\u00e9\u00a0 odjela do Anglie, kde pracovala jako au-pair a n\u00e1razov\u011b hl\u00eddala dal\u0161\u00ed d\u011bti ve voln\u00e9m \u010dase. Uplynul\u00e9 roky str\u00e1vila v zahrani\u010d\u00ed, kde byla v ka\u017edodenn\u00edm kontaktu s angli\u010dtinou a d\u00edky sv\u00e9 pr\u00e1ci m\u011bla mo\u017enost procestovat cel\u00fd sv\u011bt. Pokud nen\u00ed zrovna ve spole\u010dnosti d\u011bt\u00ed, tak r\u00e1da \u010dte knihy, poslouch\u00e1 podcasty, chod\u00ed do divadla, ly\u017euje a hraje golf.<\/p><p>Jej\u00ed rodn\u00fd jazyk je \u010de\u0161tina, a\u010dkoliv se to podle jm\u00e9na nezd\u00e1 <img decoding=\"async\" class=\"emoji\" role=\"img\" draggable=\"false\" src=\"https:\/\/s.w.org\/images\/core\/emoji\/13.1.0\/svg\/1f642.svg\" alt=\"\ud83d\ude42\" \/><\/p><p>Hovo\u0159\u00ed \u010desky, anglicky a \u010d\u00e1ste\u010dn\u011b francouzsky.<\/p>\t\t\t\t\t\t\t\t<\/div>\n\t\t\t\t<\/div>\n\t\t\t\t\t<\/div>\n\t\t<\/div>\n\t\t\t\t\t<\/div>\n\t\t<\/section>\n\t\t\t\t<section data-particle_enable=\"false\" data-particle-mobile-disabled=\"false\" class=\"has_ae_slider elementor-section elementor-top-section elementor-element elementor-element-c22b13f elementor-section-boxed elementor-section-height-default elementor-section-height-default ae-bg-gallery-type-default elementor-invisible\" data-id=\"c22b13f\" data-element_type=\"section\" data-settings=\"{&quot;animation&quot;:&quot;slideInUp&quot;}\">\n\t\t\t\t\t\t<div class=\"elementor-container elementor-column-gap-default\">\n\t\t\t\t\t<div class=\"has_ae_slider elementor-column elementor-col-50 elementor-top-column elementor-element elementor-element-bb84971 ae-bg-gallery-type-default\" data-id=\"bb84971\" data-element_type=\"column\">\n\t\t\t<div class=\"elementor-widget-wrap elementor-element-populated\">\n\t\t\t\t\t\t<div class=\"elementor-element elementor-element-9eb8213 elementor-widget elementor-widget-image\" data-id=\"9eb8213\" data-element_type=\"widget\" data-widget_type=\"image.default\">\n\t\t\t\t<div class=\"elementor-widget-container\">\n\t\t\t\t\t\t\t\t\t\t\t\t\t\t\t<img decoding=\"async\" width=\"328\" height=\"492\" src=\"https:\/\/www.skolicka-domecek.cz\/p5\/wp-content\/uploads\/2022\/08\/Ak-photo.png\" class=\"attachment-large size-large wp-image-1249\" alt=\"\" srcset=\"https:\/\/www.skolicka-domecek.cz\/p5\/wp-content\/uploads\/2022\/08\/Ak-photo.png 328w, https:\/\/www.skolicka-domecek.cz\/p5\/wp-content\/uploads\/2022\/08\/Ak-photo-200x300.png 200w\" sizes=\"(max-width: 328px) 100vw, 328px\" \/>\t\t\t\t\t\t\t\t\t\t\t\t\t\t\t<\/div>\n\t\t\t\t<\/div>\n\t\t\t\t\t<\/div>\n\t\t<\/div>\n\t\t\t\t<div class=\"has_ae_slider elementor-column elementor-col-50 elementor-top-column elementor-element elementor-element-5cfa0d9 ae-bg-gallery-type-default\" data-id=\"5cfa0d9\" data-element_type=\"column\">\n\t\t\t<div class=\"elementor-widget-wrap elementor-element-populated\">\n\t\t\t\t\t\t<div class=\"elementor-element elementor-element-176e4b1 elementor-widget__width-auto elementor-widget elementor-widget-heading\" data-id=\"176e4b1\" data-element_type=\"widget\" data-widget_type=\"heading.default\">\n\t\t\t\t<div class=\"elementor-widget-container\">\n\t\t\t\t\t<h3 class=\"elementor-heading-title elementor-size-default\">Alice Kavalcov\u00e1<\/h3>\t\t\t\t<\/div>\n\t\t\t\t<\/div>\n\t\t\t\t<div class=\"elementor-element elementor-element-b89d93e elementor-widget__width-initial elementor-widget-divider--separator-type-pattern elementor-widget-divider--view-line elementor-widget elementor-widget-divider\" data-id=\"b89d93e\" data-element_type=\"widget\" data-widget_type=\"divider.default\">\n\t\t\t\t<div class=\"elementor-widget-container\">\n\t\t\t\t\t\t\t<div class=\"elementor-divider\" style=\"--divider-pattern-url: url(&quot;data:image\/svg+xml,%3Csvg xmlns=&#039;http:\/\/www.w3.org\/2000\/svg&#039; preserveAspectRatio=&#039;none&#039; overflow=&#039;visible&#039; height=&#039;100%&#039; viewBox=&#039;0 0 24 24&#039; fill=&#039;none&#039; stroke=&#039;black&#039; stroke-width=&#039;2&#039; stroke-linecap=&#039;square&#039; stroke-miterlimit=&#039;10&#039;%3E%3Cpath d=&#039;M0,6c6,0,6,13,12,13S18,6,24,6&#039;\/%3E%3C\/svg%3E&quot;);\">\n\t\t\t<span class=\"elementor-divider-separator\">\n\t\t\t\t\t\t<\/span>\n\t\t<\/div>\n\t\t\t\t\t\t<\/div>\n\t\t\t\t<\/div>\n\t\t\t\t<div class=\"elementor-element elementor-element-06179f5 elementor-widget elementor-widget-text-editor\" data-id=\"06179f5\" data-element_type=\"widget\" data-widget_type=\"text-editor.default\">\n\t\t\t\t<div class=\"elementor-widget-container\">\n\t\t\t\t\t\t\t\t\t<p>Teta Alice je pod st\u0159echou Dome\u010dku od srpna 2022 &#8211; empatick\u00e1 a energick\u00e1 teta\u00a0 se pr\u00e1ci s d\u011btmi v\u011bnuje v\u00edce ne\u017e 12 let a v posledn\u00edm roce a p\u016fl p\u016fsobila jako \u0159editelka a ch\u016fva v d\u011btsk\u00e9 skupin\u011b, kterou zalo\u017eila a provozovala. Mimo pr\u00e1ci s d\u011btmi, kter\u00e1 ji napl\u0148uje tak\u00e9 r\u00e1da sportuje a je dr\u017eitelkou tren\u00e9rsk\u00e9 licence &#8222;C&#8220; se specializac\u00ed na lakros . R\u00e1da va\u0159\u00ed, cestuje a relaxuje v p\u0159\u00edrod\u011b.<\/p><p>Jazykov\u00e9 znalosti<\/p><ul><li>\u010ce\u0161tina \u2013 rodil\u00fd mluv\u010d\u00ed<\/li><li>Angli\u010dtina \u2013 v\u00fdborn\u00e1, B2<\/li><li>Francouz\u0161tina &#8211; v\u00fdborn\u00e1<\/li><\/ul>\t\t\t\t\t\t\t\t<\/div>\n\t\t\t\t<\/div>\n\t\t\t\t\t<\/div>\n\t\t<\/div>\n\t\t\t\t\t<\/div>\n\t\t<\/section>\n\t\t\t\t<\/div>\n\t\t","protected":false},"excerpt":{"rendered":"<p>Mark\u00e9ta Luk\u00e1\u010dov\u00e1 Founder of the Dome\u010dek school in 2009 in Prague Uh\u0159\u00edn\u011bves, in 2010 Prague 9 Kyje, 2011 T\u00fdnec nad S\u00e1zavou, 2012 Bene\u0161ov. Mother of 2 children. Principal and pedagogue of the school &#8211; graduated from SPg\u0160 Beroun in the field of teaching for kindergartens and NIDV in the field of Qualification Studies for principals [&hellip;]<\/p>\n","protected":false},"author":2,"featured_media":862,"parent":974,"menu_order":0,"comment_status":"closed","ping_status":"closed","template":"","meta":{"footnotes":""},"class_list":["post-986","page","type-page","status-publish","has-post-thumbnail","hentry"],"acf":[],"yoast_head":"<!-- This site is optimized with the Yoast SEO Premium plugin v15.2.1 - https:\/\/yoast.com\/wordpress\/plugins\/seo\/ -->\n<title>Our team - \u0160koli\u010dka Dome\u010dek<\/title>\n<meta name=\"robots\" content=\"index, follow, max-snippet:-1, max-image-preview:large, max-video-preview:-1\" \/>\n<link rel=\"canonical\" href=\"https:\/\/www.skolicka-domecek.cz\/p5\/about-us\/our-team\/?lang=en\" \/>\n<meta property=\"og:locale\" content=\"cs_CZ\" \/>\n<meta property=\"og:type\" content=\"article\" \/>\n<meta property=\"og:title\" content=\"Our team - \u0160koli\u010dka Dome\u010dek\" \/>\n<meta property=\"og:description\" content=\"Mark\u00e9ta Luk\u00e1\u010dov\u00e1 Founder of the Dome\u010dek school in 2009 in Prague Uh\u0159\u00edn\u011bves, in 2010 Prague 9 Kyje, 2011 T\u00fdnec nad S\u00e1zavou, 2012 Bene\u0161ov. Mother of 2 children. Principal and pedagogue of the school &#8211; graduated from SPg\u0160 Beroun in the field of teaching for kindergartens and NIDV in the field of Qualification Studies for principals [&hellip;]\" \/>\n<meta property=\"og:url\" content=\"https:\/\/www.skolicka-domecek.cz\/p5\/about-us\/our-team\/?lang=en\" \/>\n<meta property=\"og:site_name\" content=\"\u0160koli\u010dka Dome\u010dek\" \/>\n<meta property=\"article:modified_time\" content=\"2022-08-08T11:33:11+00:00\" \/>\n<meta property=\"og:image\" content=\"https:\/\/www.skolicka-domecek.cz\/p5\/wp-content\/uploads\/2022\/04\/DSC_0315-scaled.jpg\" \/>\n\t<meta property=\"og:image:width\" content=\"2560\" \/>\n\t<meta property=\"og:image:height\" content=\"1707\" \/>\n<meta name=\"twitter:card\" content=\"summary_large_image\" \/>\n<meta name=\"twitter:label1\" content=\"Napsal(a)\">\n\t<meta name=\"twitter:data1\" content=\"Roman Kudl\u00e1\u010dek\">\n\t<meta name=\"twitter:label2\" content=\"Odhadovan\u00e1 doba \u010dten\u00ed\">\n\t<meta name=\"twitter:data2\" content=\"1 minuta\">\n<script type=\"application\/ld+json\" class=\"yoast-schema-graph\">{\"@context\":\"https:\/\/schema.org\",\"@graph\":[{\"@type\":\"WebSite\",\"@id\":\"http:\/\/www.skolicka-domecek.cz\/p5\/#website\",\"url\":\"http:\/\/www.skolicka-domecek.cz\/p5\/\",\"name\":\"\\u0160koli\\u010dka Dome\\u010dek\",\"description\":\"\",\"potentialAction\":[{\"@type\":\"SearchAction\",\"target\":\"http:\/\/www.skolicka-domecek.cz\/p5\/?s={search_term_string}\",\"query-input\":\"required name=search_term_string\"}],\"inLanguage\":\"cs\"},{\"@type\":\"ImageObject\",\"@id\":\"https:\/\/www.skolicka-domecek.cz\/p5\/about-us\/our-team\/?lang=en#primaryimage\",\"inLanguage\":\"cs\",\"url\":\"https:\/\/www.skolicka-domecek.cz\/p5\/wp-content\/uploads\/2022\/04\/DSC_0315-scaled.jpg\",\"width\":2560,\"height\":1707},{\"@type\":\"WebPage\",\"@id\":\"https:\/\/www.skolicka-domecek.cz\/p5\/about-us\/our-team\/?lang=en#webpage\",\"url\":\"https:\/\/www.skolicka-domecek.cz\/p5\/about-us\/our-team\/?lang=en\",\"name\":\"Our team - \\u0160koli\\u010dka Dome\\u010dek\",\"isPartOf\":{\"@id\":\"http:\/\/www.skolicka-domecek.cz\/p5\/#website\"},\"primaryImageOfPage\":{\"@id\":\"https:\/\/www.skolicka-domecek.cz\/p5\/about-us\/our-team\/?lang=en#primaryimage\"},\"datePublished\":\"2022-03-10T07:59:15+00:00\",\"dateModified\":\"2022-08-08T11:33:11+00:00\",\"inLanguage\":\"cs\",\"potentialAction\":[{\"@type\":\"ReadAction\",\"target\":[\"https:\/\/www.skolicka-domecek.cz\/p5\/about-us\/our-team\/?lang=en\"]}]}]}<\/script>\n<!-- \/ Yoast SEO Premium plugin. -->","_links":{"self":[{"href":"https:\/\/www.skolicka-domecek.cz\/p5\/wp-json\/wp\/v2\/pages\/986","targetHints":{"allow":["GET"]}}],"collection":[{"href":"https:\/\/www.skolicka-domecek.cz\/p5\/wp-json\/wp\/v2\/pages"}],"about":[{"href":"https:\/\/www.skolicka-domecek.cz\/p5\/wp-json\/wp\/v2\/types\/page"}],"author":[{"embeddable":true,"href":"https:\/\/www.skolicka-domecek.cz\/p5\/wp-json\/wp\/v2\/users\/2"}],"replies":[{"embeddable":true,"href":"https:\/\/www.skolicka-domecek.cz\/p5\/wp-json\/wp\/v2\/comments?post=986"}],"version-history":[{"count":2,"href":"https:\/\/www.skolicka-domecek.cz\/p5\/wp-json\/wp\/v2\/pages\/986\/revisions"}],"predecessor-version":[{"id":1256,"href":"https:\/\/www.skolicka-domecek.cz\/p5\/wp-json\/wp\/v2\/pages\/986\/revisions\/1256"}],"up":[{"embeddable":true,"href":"https:\/\/www.skolicka-domecek.cz\/p5\/wp-json\/wp\/v2\/pages\/974"}],"wp:featuredmedia":[{"embeddable":true,"href":"https:\/\/www.skolicka-domecek.cz\/p5\/wp-json\/wp\/v2\/media\/862"}],"wp:attachment":[{"href":"https:\/\/www.skolicka-domecek.cz\/p5\/wp-json\/wp\/v2\/media?parent=986"}],"curies":[{"name":"wp","href":"https:\/\/api.w.org\/{rel}","templated":true}]}}