{"id":441,"date":"2022-03-31T09:25:10","date_gmt":"2022-03-31T09:25:10","guid":{"rendered":"http:\/\/www.skolicka-domecek.cz\/bn\/?page_id=441"},"modified":"2025-04-27T20:20:39","modified_gmt":"2025-04-27T20:20:39","slug":"prazdniny-v-domecku","status":"publish","type":"page","link":"https:\/\/www.skolicka-domecek.cz\/bn\/prazdniny-v-domecku\/","title":{"rendered":"Pr\u00e1zdniny v Dome\u010dku"},"content":{"rendered":"\t\t<div data-elementor-type=\"wp-page\" data-elementor-id=\"441\" class=\"elementor elementor-441\" data-elementor-post-type=\"page\">\n\t\t\t\t\t\t<section data-particle_enable=\"false\" data-particle-mobile-disabled=\"false\" class=\"has_ae_slider elementor-section elementor-top-section elementor-element elementor-element-3b7bce7 elementor-section-full_width elementor-section-height-min-height elementor-section-height-default elementor-section-items-middle ae-bg-gallery-type-default\" data-id=\"3b7bce7\" data-element_type=\"section\" data-settings=\"{&quot;background_background&quot;:&quot;classic&quot;,&quot;shape_divider_bottom&quot;:&quot;wave-brush&quot;}\">\n\t\t\t\t\t\t\t<div class=\"elementor-background-overlay\"><\/div>\n\t\t\t\t\t\t<div class=\"elementor-shape elementor-shape-bottom\" data-negative=\"false\">\n\t\t\t<svg xmlns=\"http:\/\/www.w3.org\/2000\/svg\" viewBox=\"0 0 283.5 27.8\" preserveAspectRatio=\"none\">\n\t<path class=\"elementor-shape-fill\" d=\"M283.5,9.7c0,0-7.3,4.3-14,4.6c-6.8,0.3-12.6,0-20.9-1.5c-11.3-2-33.1-10.1-44.7-5.7\ts-12.1,4.6-18,7.4c-6.6,3.2-20,9.6-36.6,9.3C131.6,23.5,99.5,7.2,86.3,8c-1.4,0.1-6.6,0.8-10.5,2c-3.8,1.2-9.4,3.8-17,4.7\tc-3.2,0.4-8.3,1.1-14.2,0.9c-1.5-0.1-6.3-0.4-12-1.6c-5.7-1.2-11-3.1-15.8-3.7C6.5,9.2,0,10.8,0,10.8V0h283.5V9.7z M260.8,11.3\tc-0.7-1-2-0.4-4.3-0.4c-2.3,0-6.1-1.2-5.8-1.1c0.3,0.1,3.1,1.5,6,1.9C259.7,12.2,261.4,12.3,260.8,11.3z M242.4,8.6\tc0,0-2.4-0.2-5.6-0.9c-3.2-0.8-10.3-2.8-15.1-3.5c-8.2-1.1-15.8,0-15.1,0.1c0.8,0.1,9.6-0.6,17.6,1.1c3.3,0.7,9.3,2.2,12.4,2.7\tC239.9,8.7,242.4,8.6,242.4,8.6z M185.2,8.5c1.7-0.7-13.3,4.7-18.5,6.1c-2.1,0.6-6.2,1.6-10,2c-3.9,0.4-8.9,0.4-8.8,0.5\tc0,0.2,5.8,0.8,11.2,0c5.4-0.8,5.2-1.1,7.6-1.6C170.5,14.7,183.5,9.2,185.2,8.5z M199.1,6.9c0.2,0-0.8-0.4-4.8,1.1\tc-4,1.5-6.7,3.5-6.9,3.7c-0.2,0.1,3.5-1.8,6.6-3C197,7.5,199,6.9,199.1,6.9z M283,6c-0.1,0.1-1.9,1.1-4.8,2.5s-6.9,2.8-6.7,2.7\tc0.2,0,3.5-0.6,7.4-2.5C282.8,6.8,283.1,5.9,283,6z M31.3,11.6c0.1-0.2-1.9-0.2-4.5-1.2s-5.4-1.6-7.8-2C15,7.6,7.3,8.5,7.7,8.6\tC8,8.7,15.9,8.3,20.2,9.3c2.2,0.5,2.4,0.5,5.7,1.6S31.2,11.9,31.3,11.6z M73,9.2c0.4-0.1,3.5-1.6,8.4-2.6c4.9-1.1,8.9-0.5,8.9-0.8\tc0-0.3-1-0.9-6.2-0.3S72.6,9.3,73,9.2z M71.6,6.7C71.8,6.8,75,5.4,77.3,5c2.3-0.3,1.9-0.5,1.9-0.6c0-0.1-1.1-0.2-2.7,0.2\tC74.8,5.1,71.4,6.6,71.6,6.7z M93.6,4.4c0.1,0.2,3.5,0.8,5.6,1.8c2.1,1,1.8,0.6,1.9,0.5c0.1-0.1-0.8-0.8-2.4-1.3\tC97.1,4.8,93.5,4.2,93.6,4.4z M65.4,11.1c-0.1,0.3,0.3,0.5,1.9-0.2s2.6-1.3,2.2-1.2s-0.9,0.4-2.5,0.8C65.3,10.9,65.5,10.8,65.4,11.1\tz M34.5,12.4c-0.2,0,2.1,0.8,3.3,0.9c1.2,0.1,2,0.1,2-0.2c0-0.3-0.1-0.5-1.6-0.4C36.6,12.8,34.7,12.4,34.5,12.4z M152.2,21.1\tc-0.1,0.1-2.4-0.3-7.5-0.3c-5,0-13.6-2.4-17.2-3.5c-3.6-1.1,10,3.9,16.5,4.1C150.5,21.6,152.3,21,152.2,21.1z\"\/>\n\t<path class=\"elementor-shape-fill\" d=\"M269.6,18c-0.1-0.1-4.6,0.3-7.2,0c-7.3-0.7-17-3.2-16.6-2.9c0.4,0.3,13.7,3.1,17,3.3\tC267.7,18.8,269.7,18,269.6,18z\"\/>\n\t<path class=\"elementor-shape-fill\" d=\"M227.4,9.8c-0.2-0.1-4.5-1-9.5-1.2c-5-0.2-12.7,0.6-12.3,0.5c0.3-0.1,5.9-1.8,13.3-1.2\tS227.6,9.9,227.4,9.8z\"\/>\n\t<path class=\"elementor-shape-fill\" d=\"M204.5,13.4c-0.1-0.1,2-1,3.2-1.1c1.2-0.1,2,0,2,0.3c0,0.3-0.1,0.5-1.6,0.4\tC206.4,12.9,204.6,13.5,204.5,13.4z\"\/>\n\t<path class=\"elementor-shape-fill\" d=\"M201,10.6c0-0.1-4.4,1.2-6.3,2.2c-1.9,0.9-6.2,3.1-6.1,3.1c0.1,0.1,4.2-1.6,6.3-2.6\tS201,10.7,201,10.6z\"\/>\n\t<path class=\"elementor-shape-fill\" d=\"M154.5,26.7c-0.1-0.1-4.6,0.3-7.2,0c-7.3-0.7-17-3.2-16.6-2.9c0.4,0.3,13.7,3.1,17,3.3\tC152.6,27.5,154.6,26.8,154.5,26.7z\"\/>\n\t<path class=\"elementor-shape-fill\" d=\"M41.9,19.3c0,0,1.2-0.3,2.9-0.1c1.7,0.2,5.8,0.9,8.2,0.7c4.2-0.4,7.4-2.7,7-2.6\tc-0.4,0-4.3,2.2-8.6,1.9c-1.8-0.1-5.1-0.5-6.7-0.4S41.9,19.3,41.9,19.3z\"\/>\n\t<path class=\"elementor-shape-fill\" d=\"M75.5,12.6c0.2,0.1,2-0.8,4.3-1.1c2.3-0.2,2.1-0.3,2.1-0.5c0-0.1-1.8-0.4-3.4,0\tC76.9,11.5,75.3,12.5,75.5,12.6z\"\/>\n\t<path class=\"elementor-shape-fill\" d=\"M15.6,13.2c0-0.1,4.3,0,6.7,0.5c2.4,0.5,5,1.9,5,2c0,0.1-2.7-0.8-5.1-1.4\tC19.9,13.7,15.7,13.3,15.6,13.2z\"\/>\n<\/svg>\t\t<\/div>\n\t\t\t\t\t<div class=\"elementor-container elementor-column-gap-default\">\n\t\t\t\t\t<div class=\"has_ae_slider elementor-column elementor-col-100 elementor-top-column elementor-element elementor-element-c57c64f ae-bg-gallery-type-default\" data-id=\"c57c64f\" data-element_type=\"column\">\n\t\t\t<div class=\"elementor-widget-wrap elementor-element-populated\">\n\t\t\t\t\t\t\t<\/div>\n\t\t<\/div>\n\t\t\t\t\t<\/div>\n\t\t<\/section>\n\t\t\t\t<section data-particle_enable=\"false\" data-particle-mobile-disabled=\"false\" class=\"has_ae_slider elementor-section elementor-top-section elementor-element elementor-element-c22b13f elementor-section-boxed elementor-section-height-default elementor-section-height-default ae-bg-gallery-type-default elementor-invisible\" data-id=\"c22b13f\" data-element_type=\"section\" data-settings=\"{&quot;animation&quot;:&quot;slideInUp&quot;}\">\n\t\t\t\t\t\t<div class=\"elementor-container elementor-column-gap-default\">\n\t\t\t\t\t<div class=\"has_ae_slider elementor-column elementor-col-100 elementor-top-column elementor-element elementor-element-5cfa0d9 ae-bg-gallery-type-default\" data-id=\"5cfa0d9\" data-element_type=\"column\">\n\t\t\t<div class=\"elementor-widget-wrap elementor-element-populated\">\n\t\t\t\t\t\t<div class=\"elementor-element elementor-element-176e4b1 elementor-widget__width-auto elementor-widget elementor-widget-heading\" data-id=\"176e4b1\" data-element_type=\"widget\" data-widget_type=\"heading.default\">\n\t\t\t\t<div class=\"elementor-widget-container\">\n\t\t\t\t\t<h2 class=\"elementor-heading-title elementor-size-default\">Pr\u00e1zdniny v Dome\u010dku<\/h2>\t\t\t\t<\/div>\n\t\t\t\t<\/div>\n\t\t\t\t<div class=\"elementor-element elementor-element-b89d93e elementor-widget__width-initial elementor-widget-divider--separator-type-pattern elementor-widget-divider--view-line elementor-widget elementor-widget-divider\" data-id=\"b89d93e\" data-element_type=\"widget\" data-widget_type=\"divider.default\">\n\t\t\t\t<div class=\"elementor-widget-container\">\n\t\t\t\t\t\t\t<div class=\"elementor-divider\" style=\"--divider-pattern-url: url(&quot;data:image\/svg+xml,%3Csvg xmlns=&#039;http:\/\/www.w3.org\/2000\/svg&#039; preserveAspectRatio=&#039;none&#039; overflow=&#039;visible&#039; height=&#039;100%&#039; viewBox=&#039;0 0 24 24&#039; fill=&#039;none&#039; stroke=&#039;black&#039; stroke-width=&#039;2&#039; stroke-linecap=&#039;square&#039; stroke-miterlimit=&#039;10&#039;%3E%3Cpath d=&#039;M0,6c6,0,6,13,12,13S18,6,24,6&#039;\/%3E%3C\/svg%3E&quot;);\">\n\t\t\t<span class=\"elementor-divider-separator\">\n\t\t\t\t\t\t<\/span>\n\t\t<\/div>\n\t\t\t\t\t\t<\/div>\n\t\t\t\t<\/div>\n\t\t\t\t<div class=\"elementor-element elementor-element-06179f5 elementor-widget elementor-widget-text-editor\" data-id=\"06179f5\" data-element_type=\"widget\" data-widget_type=\"text-editor.default\">\n\t\t\t\t<div class=\"elementor-widget-container\">\n\t\t\t\t\t\t\t\t\t<p><div style=\"width: 800px;\" class=\"wp-video\"><video class=\"wp-video-shortcode\" id=\"video-441-1\" width=\"800\" height=\"419\" preload=\"metadata\" controls=\"controls\"><source type=\"video\/mp4\" src=\"http:\/\/www.skolicka-domecek.cz\/bn\/wp-content\/uploads\/2025\/04\/LETNI-PRAZDNINOVA-SKOLKA-1.mp4?_=1\" \/><a href=\"http:\/\/www.skolicka-domecek.cz\/bn\/wp-content\/uploads\/2025\/04\/LETNI-PRAZDNINOVA-SKOLKA-1.mp4\">http:\/\/www.skolicka-domecek.cz\/bn\/wp-content\/uploads\/2025\/04\/LETNI-PRAZDNINOVA-SKOLKA-1.mp4<\/a><\/video><\/div><\/p>\n<p><span style=\"color: var( --e-global-color-0e38560 ); font-family: var( --e-global-typography-secondary-font-family ), Sans-serif; font-weight: var( --e-global-typography-secondary-font-weight ); font-size: 1rem;\">PROVOZ \u0160KOLI\u010cKY DOME\u010cEK JE B\u011aHEM JARN\u00cdCH A LETN\u00cdCH PR\u00c1ZDNIN P\u0158ERU\u0160EN POUZE V TERM\u00cdNU 28.7.-8.8. 2025<\/span><\/p>\n<p>Mil\u00ed rodi\u010de, mnoz\u00ed z v\u00e1s se pt\u00e1te, jak je to s provozem \u0161kolky v dob\u011b pr\u00e1zdnin. A tak v\u011bzte \u017ee o pr\u00e1zdnin\u00e1ch jarn\u00edch i letn\u00edch je provoz\u00a0\u0161koli\u010dky t\u00e9m\u011b\u0159\u00a0 nep\u0159eru\u0161en a o va\u0161e d\u011bti bude postar\u00e1no. Na letn\u00ed pr\u00e1zdniny pro Va\u0161e d\u011bti p\u0159ipravujeme\u00a0t\u00e9maticky zam\u011b\u0159en\u00e9 t\u00fddny\u00a0a \u0161koli\u010dka bude po celou dobu letn\u00edch pr\u00e1zdnin v pln\u00e9m provozu a bude p\u0159\u00edstupn\u00e1 i d\u011btem, kter\u00e9 \u0161koli\u010dku b\u011b\u017en\u011b nenav\u0161t\u011bvuj\u00ed.\u00a0<\/p>\n<p>Pro d\u011bti do \u0161koli\u010dky ji\u017e zapsan\u00e9 plat\u00ed ceny\u00a0dle platn\u00e9ho cen\u00edku.<\/p>\n<p><strong>V p\u0159\u00edpad\u011b z\u00e1jmu o p\u0159\u00edm\u011bstsk\u00fd t\u00e1bor, pou\u017eijte kontaktn\u00ed formul\u00e1\u0159 s uveden\u00edm t\u00fddne o kter\u00fd m\u00e1te z\u00e1jem <\/strong><strong>&#8211; <em><a title=\"Popt\u00e1vkov\u00fd formul\u00e1\u0159\" href=\"https:\/\/www.skolicka-domecek.cz\/bn\/kontakt\/\" target=\"_blank\" rel=\"noopener noreferrer\">kontaktn\u00ed formul\u00e1\u0159 ZDE\u00a0<\/a><\/em><\/strong><\/p>\n<p>Dal\u0161\u00ed\u00a0mo\u017enost\u00ed, jak n\u00e1s m\u016f\u017eete kontaktovat je telefonicky na \u00a0734 857 992, \u00a0nebo 603 439570,\u00a0p\u0159\u00edpadn\u011b\u00a0rovnou osobn\u00ed n\u00e1v\u0161t\u011bva u n\u00e1s ve \u0161kolce, kde v\u00e1m v\u0161e r\u00e1di vysv\u011btl\u00edme. Rezervujte si m\u00edsto pro Va\u0161e d\u00edt\u011b v\u010das!8<\/p>\n<p>\u00a0<\/p>\t\t\t\t\t\t\t\t<\/div>\n\t\t\t\t<\/div>\n\t\t\t\t\t<\/div>\n\t\t<\/div>\n\t\t\t\t\t<\/div>\n\t\t<\/section>\n\t\t\t\t<section data-particle_enable=\"false\" data-particle-mobile-disabled=\"false\" class=\"has_ae_slider elementor-section elementor-top-section elementor-element elementor-element-ec65cf7 elementor-section-boxed elementor-section-height-default elementor-section-height-default ae-bg-gallery-type-default elementor-invisible\" data-id=\"ec65cf7\" data-element_type=\"section\" data-settings=\"{&quot;animation&quot;:&quot;slideInUp&quot;}\">\n\t\t\t\t\t\t<div class=\"elementor-container elementor-column-gap-default\">\n\t\t\t\t\t<div class=\"has_ae_slider elementor-column elementor-col-100 elementor-top-column elementor-element elementor-element-73165cd ae-bg-gallery-type-default\" data-id=\"73165cd\" data-element_type=\"column\">\n\t\t\t<div class=\"elementor-widget-wrap elementor-element-populated\">\n\t\t\t\t\t\t<div class=\"elementor-element elementor-element-51d5ad9 elementor-widget__width-auto elementor-widget elementor-widget-heading\" data-id=\"51d5ad9\" data-element_type=\"widget\" data-widget_type=\"heading.default\">\n\t\t\t\t<div class=\"elementor-widget-container\">\n\t\t\t\t\t<h2 class=\"elementor-heading-title elementor-size-default\">Cen\u00edk letn\u00ed \u0161kolky<\/h2>\t\t\t\t<\/div>\n\t\t\t\t<\/div>\n\t\t\t\t<div class=\"elementor-element elementor-element-7b2edab elementor-widget__width-initial elementor-widget-divider--separator-type-pattern elementor-widget-divider--view-line elementor-widget elementor-widget-divider\" data-id=\"7b2edab\" data-element_type=\"widget\" data-widget_type=\"divider.default\">\n\t\t\t\t<div class=\"elementor-widget-container\">\n\t\t\t\t\t\t\t<div class=\"elementor-divider\" style=\"--divider-pattern-url: url(&quot;data:image\/svg+xml,%3Csvg xmlns=&#039;http:\/\/www.w3.org\/2000\/svg&#039; preserveAspectRatio=&#039;none&#039; overflow=&#039;visible&#039; height=&#039;100%&#039; viewBox=&#039;0 0 24 24&#039; fill=&#039;none&#039; stroke=&#039;black&#039; stroke-width=&#039;2&#039; stroke-linecap=&#039;square&#039; stroke-miterlimit=&#039;10&#039;%3E%3Cpath d=&#039;M0,6c6,0,6,13,12,13S18,6,24,6&#039;\/%3E%3C\/svg%3E&quot;);\">\n\t\t\t<span class=\"elementor-divider-separator\">\n\t\t\t\t\t\t<\/span>\n\t\t<\/div>\n\t\t\t\t\t\t<\/div>\n\t\t\t\t<\/div>\n\t\t\t\t<div data-event_function=\"{&quot;tween&quot;:&quot;to&quot;}\" class=\"eael_smooth_animation elementor-element elementor-element-90a5a17 elementor-widget elementor-widget-text-editor\" data-id=\"90a5a17\" data-element_type=\"widget\" data-settings=\"{&quot;motion_fx_motion_fx_scrolling&quot;:&quot;yes&quot;,&quot;motion_fx_motion_fx_mouse&quot;:&quot;yes&quot;,&quot;motion_fx_devices&quot;:[&quot;desktop&quot;,&quot;tablet&quot;,&quot;mobile&quot;]}\" data-widget_type=\"text-editor.default\">\n\t\t\t\t<div class=\"elementor-widget-container\">\n\t\t\t\t\t\t\t\t\t<figure id=\"attachment_1225\" aria-describedby=\"caption-attachment-1225\" style=\"width: 718px\" class=\"wp-caption aligncenter\"><img fetchpriority=\"high\" decoding=\"async\" class=\"wp-image-1225 size-full\" src=\"http:\/\/www.skolicka-domecek.cz\/bn\/wp-content\/uploads\/2025\/04\/LETNI-PRAZDNINOVA-SKOLKA-1.gif\" alt=\"Letn\u00ed pr\u00e1zdninov\u00e1 \u0161kolka v Dome\u010dku \" width=\"718\" height=\"376\" \/><figcaption id=\"caption-attachment-1225\" class=\"wp-caption-text\">Letn\u00ed pr\u00e1zdninov\u00e1 \u0161kolka<\/figcaption><\/figure>\n<p>T\u00fddenn\u00ed \u0161koln\u00e9 \u010din\u00ed <strong>3.500,-K\u010d\/t\u00fdden \u2013 <\/strong><strong>ALL INCLUSIVE<\/strong><strong>\u00a0<\/strong>\u00a0tj. v\u010detn\u011b stravov\u00e1n\u00ed, nezahrnuje v\u0161ak extern\u00ed v\u00fdlety.\u00a0 \u00a0<\/p>\n<p><strong>Podm\u00ednky letn\u00ed \u0161kolky:<\/strong><\/p>\n<p>\u00dahrada z\u00e1loha 50% z ceny v dob\u011b p\u0159ihl\u00e1\u0161en\u00ed a 50% p\u0159ed n\u00e1stupem do \u0161koli\u010dky.<\/p>\n<p><strong>Je mo\u017en\u00e9 d\u00edt\u011b p\u0159ihl\u00e1sit i\u00a0na\u00a0jednotliv\u00e9 dny.<\/strong><\/p>\n<p><strong>Sourozenec m\u00e1 10% slevu ze \u0161koln\u00e9ho.\u00a0<\/strong><\/p>\n<p>V p\u0159\u00edpad\u011b pozdn\u00edho p\u0159ihl\u00e1\u0161en\u00ed (7 dn\u00ed a m\u00e9n\u011b p\u0159ed za\u010d\u00e1tkem) \u010din\u00ed \u0161koln\u00e9 750,-K\u010d \/ 1 den.<\/p>\n<p>Stravn\u00e9 \u2013 sva\u010dina, ob\u011bd s\u00a0pol\u00e9vkou, sva\u010dina, sva\u010dina, pitn\u00fd re\u017eim v cen\u011b.<\/p>\n<p><strong>\u010c\u00edslo \u00fa\u010dtu : 107-3938280297\/0100 KB<\/strong><\/p>\n<p>Variabiln\u00ed symbol : rodn\u00e9 \u010d\u00edslo d\u00edt\u011bte<\/p>\n<p><strong>Do pozn\u00e1mky, pros\u00edm, napi\u0161te jm\u00e9no d\u00edt\u011bte.<\/strong><\/p>\n<p>Platbu, pros\u00edm, prove\u010fte na\u00a0\u00fa\u010det nebo hotov\u011b ve\u00a0\u0161kolce.<\/p>\t\t\t\t\t\t\t\t<\/div>\n\t\t\t\t<\/div>\n\t\t\t\t\t<\/div>\n\t\t<\/div>\n\t\t\t\t\t<\/div>\n\t\t<\/section>\n\t\t\t\t<section data-particle_enable=\"false\" data-particle-mobile-disabled=\"false\" class=\"has_ae_slider elementor-section elementor-top-section elementor-element elementor-element-623999c elementor-section-boxed elementor-section-height-default elementor-section-height-default ae-bg-gallery-type-default elementor-invisible\" data-id=\"623999c\" data-element_type=\"section\" data-settings=\"{&quot;animation&quot;:&quot;slideInUp&quot;}\">\n\t\t\t\t\t\t<div class=\"elementor-container elementor-column-gap-default\">\n\t\t\t\t\t<div class=\"has_ae_slider elementor-column elementor-col-100 elementor-top-column elementor-element elementor-element-d27f1fc ae-bg-gallery-type-default\" data-id=\"d27f1fc\" data-element_type=\"column\">\n\t\t\t<div class=\"elementor-widget-wrap elementor-element-populated\">\n\t\t\t\t\t\t<div class=\"elementor-element elementor-element-452315e elementor-widget__width-auto elementor-widget elementor-widget-heading\" data-id=\"452315e\" data-element_type=\"widget\" data-widget_type=\"heading.default\">\n\t\t\t\t<div class=\"elementor-widget-container\">\n\t\t\t\t\t<h2 class=\"elementor-heading-title elementor-size-default\">Co s sebou do letn\u00ed \u0161kolky?<\/h2>\t\t\t\t<\/div>\n\t\t\t\t<\/div>\n\t\t\t\t<div class=\"elementor-element elementor-element-4d2273b elementor-widget__width-initial elementor-widget-divider--separator-type-pattern elementor-widget-divider--view-line elementor-widget elementor-widget-divider\" data-id=\"4d2273b\" data-element_type=\"widget\" data-widget_type=\"divider.default\">\n\t\t\t\t<div class=\"elementor-widget-container\">\n\t\t\t\t\t\t\t<div class=\"elementor-divider\" style=\"--divider-pattern-url: url(&quot;data:image\/svg+xml,%3Csvg xmlns=&#039;http:\/\/www.w3.org\/2000\/svg&#039; preserveAspectRatio=&#039;none&#039; overflow=&#039;visible&#039; height=&#039;100%&#039; viewBox=&#039;0 0 24 24&#039; fill=&#039;none&#039; stroke=&#039;black&#039; stroke-width=&#039;2&#039; stroke-linecap=&#039;square&#039; stroke-miterlimit=&#039;10&#039;%3E%3Cpath d=&#039;M0,6c6,0,6,13,12,13S18,6,24,6&#039;\/%3E%3C\/svg%3E&quot;);\">\n\t\t\t<span class=\"elementor-divider-separator\">\n\t\t\t\t\t\t<\/span>\n\t\t<\/div>\n\t\t\t\t\t\t<\/div>\n\t\t\t\t<\/div>\n\t\t\t\t<div class=\"elementor-element elementor-element-43e6469 elementor-widget elementor-widget-text-editor\" data-id=\"43e6469\" data-element_type=\"widget\" data-widget_type=\"text-editor.default\">\n\t\t\t\t<div class=\"elementor-widget-container\">\n\t\t\t\t\t\t\t\t\t<ul><li>p\u0159ez\u016fvky s pevnou patou, ne pantofle<\/li><li>pohodln\u00e9 oble\u010den\u00ed do t\u0159\u00eddy kter\u00e9 si um\u00ed d\u00edt\u011b samo obl\u00e9ct (tepl\u00e1ky, sukni, tri\u010dko&#8230;)<\/li><li>n\u00e1hradn\u00ed spodn\u00ed pr\u00e1dlo a \u00a0tri\u010dko do p\u0159ihr\u00e1dky v \u0161atn\u011b<\/li><li>p\u0159evle\u010den\u00ed na ven kter\u00e9 si d\u00edt\u011b m\u016f\u017ee umazat \u2013 jin\u00e9 ne\u017e do t\u0159\u00eddy<\/li><li>v hork\u00fdch dnech pokr\u00fdvku hlavy<\/li><li>p\u0159\u00edpadn\u011b sv\u016fj kr\u00e9m s ochrann\u00fdm faktorem proti slunci<\/li><li>py\u017eamo nebo no\u010dn\u00ed ko\u0161ili<\/li><li>kopii karti\u010dky zdravotn\u00ed poji\u0161\u0165ovny, v\u0161echny origin\u00e1ly p\u0159ihla\u0161ovac\u00ed dokumentace<\/li><li>\u00a0 V\u0161e ozna\u010dit nebo podepsat!\u00a0\u00a0<\/li><\/ul><p>\u00a0<\/p><p><strong>P\u0159ihl\u00e1\u0161ku si vyzvedn\u011bte ve \u0160koli\u010dka Dome\u010dek, p\u0159\u00edpadn\u011b V\u00e1m ji po\u0161leme mailem, p\u0159i\u00a0n\u00e1stupu se je\u0161t\u011b vypl\u0148uje potvrzen\u00ed o\u00a0bezinfek\u010dnosti \u00a0a pros\u00edme kopii karty poji\u0161t\u011bnce.<\/strong><\/p><p><strong>Storno podm\u00ednky:<\/strong><\/p><p>V p\u0159\u00edpad\u011b, \u017ee d\u00edt\u011b onemocn\u00ed do\u00a07\u00a0dn\u016f p\u0159ed \u00a0n\u00e1stupem \u00a0na \u0161koli\u010dku na\u00a0z\u00e1klad\u011b p\u0159edlo\u017een\u00e9ho zdravotn\u00edho potvrzen\u00ed od l\u00e9ka\u0159e \u2013 bude vr\u00e1ceno 30% platby.<\/p><p>V p\u0159\u00edpad\u011b, \u017ee d\u00edt\u011b onemocn\u00ed do\u00a014 dn\u016f p\u0159ed n\u00e1stupem na \u0161koli\u010dku, na\u00a0z\u00e1klad\u011b p\u0159edlo\u017een\u00e9ho zdravotn\u00edho potvrzen\u00ed od l\u00e9ka\u0159e \u2013 bude vr\u00e1ceno 50% platby.<\/p><p>V\u00edce informac\u00ed na telefonn\u00edm \u010d\u00edsle: 603439570, skolickadomecek@gmail.com<\/p>\t\t\t\t\t\t\t\t<\/div>\n\t\t\t\t<\/div>\n\t\t\t\t\t<\/div>\n\t\t<\/div>\n\t\t\t\t\t<\/div>\n\t\t<\/section>\n\t\t\t\t<\/div>\n\t\t","protected":false},"excerpt":{"rendered":"<p>Pr\u00e1zdniny v Dome\u010dku PROVOZ \u0160KOLI\u010cKY DOME\u010cEK JE B\u011aHEM JARN\u00cdCH A LETN\u00cdCH PR\u00c1ZDNIN P\u0158ERU\u0160EN POUZE V TERM\u00cdNU 28.7.-8.8. 2025 Mil\u00ed rodi\u010de, mnoz\u00ed z v\u00e1s se pt\u00e1te, jak je to s provozem \u0161kolky v dob\u011b pr\u00e1zdnin. A tak v\u011bzte \u017ee o pr\u00e1zdnin\u00e1ch jarn\u00edch i letn\u00edch je provoz\u00a0\u0161koli\u010dky t\u00e9m\u011b\u0159\u00a0 nep\u0159eru\u0161en a o va\u0161e d\u011bti bude postar\u00e1no. Na letn\u00ed [&hellip;]<\/p>\n","protected":false},"author":2,"featured_media":786,"parent":0,"menu_order":0,"comment_status":"closed","ping_status":"closed","template":"","meta":{"footnotes":""},"class_list":["post-441","page","type-page","status-publish","has-post-thumbnail","hentry"],"acf":[],"yoast_head":"<!-- This site is optimized with the Yoast SEO Premium plugin v15.2.1 - https:\/\/yoast.com\/wordpress\/plugins\/seo\/ -->\n<title>Pr\u00e1zdniny v Dome\u010dku - \u0160koli\u010dka Dome\u010dek<\/title>\n<meta name=\"robots\" content=\"index, follow, max-snippet:-1, max-image-preview:large, max-video-preview:-1\" \/>\n<link rel=\"canonical\" href=\"https:\/\/www.skolicka-domecek.cz\/bn\/prazdniny-v-domecku\/\" \/>\n<meta property=\"og:locale\" content=\"cs_CZ\" \/>\n<meta property=\"og:type\" content=\"article\" \/>\n<meta property=\"og:title\" content=\"Pr\u00e1zdniny v Dome\u010dku - \u0160koli\u010dka Dome\u010dek\" \/>\n<meta property=\"og:description\" content=\"Pr\u00e1zdniny v Dome\u010dku PROVOZ \u0160KOLI\u010cKY DOME\u010cEK JE B\u011aHEM JARN\u00cdCH A LETN\u00cdCH PR\u00c1ZDNIN P\u0158ERU\u0160EN POUZE V TERM\u00cdNU 28.7.-8.8. 2025 Mil\u00ed rodi\u010de, mnoz\u00ed z v\u00e1s se pt\u00e1te, jak je to s provozem \u0161kolky v dob\u011b pr\u00e1zdnin. A tak v\u011bzte \u017ee o pr\u00e1zdnin\u00e1ch jarn\u00edch i letn\u00edch je provoz\u00a0\u0161koli\u010dky t\u00e9m\u011b\u0159\u00a0 nep\u0159eru\u0161en a o va\u0161e d\u011bti bude postar\u00e1no. Na letn\u00ed [&hellip;]\" \/>\n<meta property=\"og:url\" content=\"https:\/\/www.skolicka-domecek.cz\/bn\/prazdniny-v-domecku\/\" \/>\n<meta property=\"og:site_name\" content=\"\u0160koli\u010dka Dome\u010dek\" \/>\n<meta property=\"article:modified_time\" content=\"2025-04-27T20:20:39+00:00\" \/>\n<meta property=\"og:image\" content=\"https:\/\/www.skolicka-domecek.cz\/bn\/wp-content\/uploads\/2022\/04\/IMG-20220419-WA0020.jpg\" \/>\n\t<meta property=\"og:image:width\" content=\"1024\" \/>\n\t<meta property=\"og:image:height\" content=\"768\" \/>\n<meta name=\"twitter:card\" content=\"summary_large_image\" \/>\n<meta name=\"twitter:label1\" content=\"Napsal(a)\">\n\t<meta name=\"twitter:data1\" content=\"Roman Kudl\u00e1\u010dek\">\n\t<meta name=\"twitter:label2\" content=\"Odhadovan\u00e1 doba \u010dten\u00ed\">\n\t<meta name=\"twitter:data2\" content=\"2 minuty\">\n<script type=\"application\/ld+json\" class=\"yoast-schema-graph\">{\"@context\":\"https:\/\/schema.org\",\"@graph\":[{\"@type\":\"WebSite\",\"@id\":\"https:\/\/www.skolicka-domecek.cz\/bn\/#website\",\"url\":\"https:\/\/www.skolicka-domecek.cz\/bn\/\",\"name\":\"\\u0160koli\\u010dka Dome\\u010dek\",\"description\":\"\",\"potentialAction\":[{\"@type\":\"SearchAction\",\"target\":\"https:\/\/www.skolicka-domecek.cz\/bn\/?s={search_term_string}\",\"query-input\":\"required name=search_term_string\"}],\"inLanguage\":\"cs\"},{\"@type\":\"ImageObject\",\"@id\":\"https:\/\/www.skolicka-domecek.cz\/bn\/prazdniny-v-domecku\/#primaryimage\",\"inLanguage\":\"cs\",\"url\":\"https:\/\/www.skolicka-domecek.cz\/bn\/wp-content\/uploads\/2022\/04\/IMG-20220419-WA0020.jpg\",\"width\":1024,\"height\":768},{\"@type\":\"WebPage\",\"@id\":\"https:\/\/www.skolicka-domecek.cz\/bn\/prazdniny-v-domecku\/#webpage\",\"url\":\"https:\/\/www.skolicka-domecek.cz\/bn\/prazdniny-v-domecku\/\",\"name\":\"Pr\\u00e1zdniny v Dome\\u010dku - \\u0160koli\\u010dka Dome\\u010dek\",\"isPartOf\":{\"@id\":\"https:\/\/www.skolicka-domecek.cz\/bn\/#website\"},\"primaryImageOfPage\":{\"@id\":\"https:\/\/www.skolicka-domecek.cz\/bn\/prazdniny-v-domecku\/#primaryimage\"},\"datePublished\":\"2022-03-31T09:25:10+00:00\",\"dateModified\":\"2025-04-27T20:20:39+00:00\",\"inLanguage\":\"cs\",\"potentialAction\":[{\"@type\":\"ReadAction\",\"target\":[\"https:\/\/www.skolicka-domecek.cz\/bn\/prazdniny-v-domecku\/\"]}]}]}<\/script>\n<!-- \/ Yoast SEO Premium plugin. -->","_links":{"self":[{"href":"https:\/\/www.skolicka-domecek.cz\/bn\/wp-json\/wp\/v2\/pages\/441","targetHints":{"allow":["GET"]}}],"collection":[{"href":"https:\/\/www.skolicka-domecek.cz\/bn\/wp-json\/wp\/v2\/pages"}],"about":[{"href":"https:\/\/www.skolicka-domecek.cz\/bn\/wp-json\/wp\/v2\/types\/page"}],"author":[{"embeddable":true,"href":"https:\/\/www.skolicka-domecek.cz\/bn\/wp-json\/wp\/v2\/users\/2"}],"replies":[{"embeddable":true,"href":"https:\/\/www.skolicka-domecek.cz\/bn\/wp-json\/wp\/v2\/comments?post=441"}],"version-history":[{"count":38,"href":"https:\/\/www.skolicka-domecek.cz\/bn\/wp-json\/wp\/v2\/pages\/441\/revisions"}],"predecessor-version":[{"id":1232,"href":"https:\/\/www.skolicka-domecek.cz\/bn\/wp-json\/wp\/v2\/pages\/441\/revisions\/1232"}],"wp:featuredmedia":[{"embeddable":true,"href":"https:\/\/www.skolicka-domecek.cz\/bn\/wp-json\/wp\/v2\/media\/786"}],"wp:attachment":[{"href":"https:\/\/www.skolicka-domecek.cz\/bn\/wp-json\/wp\/v2\/media?parent=441"}],"curies":[{"name":"wp","href":"https:\/\/api.w.org\/{rel}","templated":true}]}}